{"id":6678,"date":"2026-04-12T17:42:20","date_gmt":"2026-04-12T15:42:20","guid":{"rendered":"https:\/\/rebelrush.pl\/?post_type=product&#038;p=6678"},"modified":"2026-04-18T16:20:16","modified_gmt":"2026-04-18T14:20:16","slug":"rebelrush-t-shirt2026-cross-black-pre-order","status":"publish","type":"product","link":"https:\/\/rebelrush.pl\/?product=rebelrush-t-shirt2026-cross-black-pre-order","title":{"rendered":"RebelRush T-shirt2026 Cross black &#8211; PRE ORDER"},"content":{"rendered":"<p data-start=\"50\" data-end=\"116\"><strong data-start=\"50\" data-end=\"116\">RebelRush T-shirt Black \u2014 premium PRE ORDER &#8211; premiera 05.2026<\/strong><\/p>\n<p data-start=\"118\" data-end=\"430\">Gotowy na wi\u0119cej?<br data-start=\"135\" data-end=\"138\" \/>Przekrocz granice stylu z now\u0105 koszulk\u0105 <strong data-start=\"178\" data-end=\"205\">RebelRush T-shirt Black<\/strong>. To co\u015b wi\u0119cej ni\u017c zwyk\u0142y T-shirt \u2014 to po\u0142\u0105czenie jako\u015bci premium, wyrazistego designu i motocyklowego charakteru. Model zosta\u0142 stworzony z my\u015bl\u0105 o tych, kt\u00f3rzy \u017cyj\u0105 klimatem <strong data-start=\"381\" data-end=\"429\">sportowych motocykli, motocrossu i cruiser\u00f3w<\/strong>.<br \/>\nGrafiki zaprojektowane na specjalne zam\u00f3wienie pod mark\u0119 RebelRush, naniesione sitodukiem dzi\u0119ki czemu s\u0105 niezniszczalne.<\/p>\n<p data-start=\"432\" data-end=\"451\"><strong data-start=\"432\" data-end=\"451\">Dlaczego nasze Tshirty ?<\/strong><\/p>\n<p data-start=\"453\" data-end=\"1328\">\u2022 <strong data-start=\"455\" data-end=\"479\">215 g premium cotton<\/strong> \u2014 koszulka uszyta ze 100% bawe\u0142ny o solidnej gramaturze 215 g. Materia\u0142 jest gruby, trwa\u0142y i przyjemny w dotyku, a przy tym dobrze uk\u0142ada si\u0119 na sylwetce.<br data-start=\"634\" data-end=\"637\" \/>\u2022 <strong data-start=\"639\" data-end=\"654\">Regular fit<\/strong> \u2014 klasyczny, wygodny kr\u00f3j zapewnia komfort noszenia i swobod\u0119 ruch\u00f3w na co dzie\u0144.<br data-start=\"736\" data-end=\"739\" \/>\u2022 <strong data-start=\"741\" data-end=\"772\">Autorskie grafiki RebelRush<\/strong> \u2014 unikalne projekty stworzone specjalnie w klimacie naszej marki, inspirowane \u015bwiatem <strong data-start=\"859\" data-end=\"907\">motocykli sportowych, motocrossu i cruiser\u00f3w<\/strong>.<br data-start=\"908\" data-end=\"911\" \/>\u2022 <strong data-start=\"913\" data-end=\"930\">100% sitodruk<\/strong> \u2014 wszystkie grafiki zosta\u0142y wykonane w ca\u0142o\u015bci metod\u0105 sitodruku, co zapewnia trwa\u0142o\u015b\u0107, wyrazisto\u015b\u0107 i wysok\u0105 jako\u015b\u0107 wyko\u0144czenia.<br data-start=\"1058\" data-end=\"1061\" \/>\u2022 <strong data-start=\"1063\" data-end=\"1085\">Dopracowane detale<\/strong> \u2014 solidne wykonanie i staranne wyko\u0144czenie sprawiaj\u0105, \u017ce koszulka dobrze wygl\u0105da i zachowuje sw\u00f3j charakter przez d\u0142ugi czas.<br data-start=\"1211\" data-end=\"1214\" \/>\u2022 <strong data-start=\"1216\" data-end=\"1241\">Uniwersalny charakter<\/strong> \u2014 sprawdzi si\u0119 zar\u00f3wno solo w cieplejsze dni, jak i jako warstwa pod bluz\u0119 czy kurtk\u0119.<\/p>\n<p data-start=\"1330\" data-end=\"1578\"><strong data-start=\"1330\" data-end=\"1357\">RebelRush T-shirt Black<\/strong> to premium koszulka dla os\u00f3b, kt\u00f3re chc\u0105 nosi\u0107 co\u015b wi\u0119cej ni\u017c tylko nadruk. To model zaprojektowany dla tych, kt\u00f3rzy uto\u017csamiaj\u0105 si\u0119 z motocyklowym stylem \u017cycia i szukaj\u0105 jako\u015bci, wygody oraz mocnego charakteru w jednym.<\/p>\n","protected":false},"excerpt":{"rendered":"<p data-start=\"61\" data-end=\"88\"><strong data-start=\"61\" data-end=\"88\">RebelRush T-shirt Black<\/strong><\/p>\n<p data-start=\"90\" data-end=\"537\">Klasyczny kr\u00f3j <strong data-start=\"105\" data-end=\"120\">regular fit<\/strong> zapewnia wygod\u0119 i swobod\u0119 noszenia na co dzie\u0144.<br data-start=\"168\" data-end=\"171\" \/><strong data-start=\"171\" data-end=\"206\">100% bawe\u0142ny o gramaturze 215 g<\/strong> \u2014 solidny, trwa\u0142y materia\u0142 o wyczuwalnej jako\u015bci.<br data-start=\"256\" data-end=\"259\" \/><strong data-start=\"259\" data-end=\"314\">Wyrazista grafika z przodu i unikalny nadruk z ty\u0142u<\/strong> wykonane w ca\u0142o\u015bci metod\u0105 sitodruku.<br data-start=\"351\" data-end=\"354\" \/><strong data-start=\"354\" data-end=\"403\">Podw\u00f3jne szwy i ta\u015bma wzmacniaj\u0105ca przy karku<\/strong> zwi\u0119kszaj\u0105 trwa\u0142o\u015b\u0107 i komfort u\u017cytkowania.<br data-start=\"446\" data-end=\"449\" \/><strong data-start=\"449\" data-end=\"475\">\u015arednio-gruby materia\u0142<\/strong> sprawia, \u017ce koszulka dobrze sprawdza si\u0119 o ka\u017cdej porze roku.<\/p>\n","protected":false},"featured_media":6649,"template":"","meta":[],"product_brand":[],"product_cat":[39],"product_tag":[],"class_list":{"0":"post-6678","1":"product","2":"type-product","3":"status-publish","4":"has-post-thumbnail","6":"product_cat-rebel-t-shirts","7":"entry","8":"has-media","10":"first","11":"instock","12":"featured","13":"taxable","14":"shipping-taxable","15":"purchasable","16":"product-type-variable"},"jetpack_sharing_enabled":true,"_links":{"self":[{"href":"https:\/\/rebelrush.pl\/index.php?rest_route=\/wp\/v2\/product\/6678","targetHints":{"allow":["GET"]}}],"collection":[{"href":"https:\/\/rebelrush.pl\/index.php?rest_route=\/wp\/v2\/product"}],"about":[{"href":"https:\/\/rebelrush.pl\/index.php?rest_route=\/wp\/v2\/types\/product"}],"version-history":[{"count":3,"href":"https:\/\/rebelrush.pl\/index.php?rest_route=\/wp\/v2\/product\/6678\/revisions"}],"predecessor-version":[{"id":6820,"href":"https:\/\/rebelrush.pl\/index.php?rest_route=\/wp\/v2\/product\/6678\/revisions\/6820"}],"wp:featuredmedia":[{"embeddable":true,"href":"https:\/\/rebelrush.pl\/index.php?rest_route=\/wp\/v2\/media\/6649"}],"wp:attachment":[{"href":"https:\/\/rebelrush.pl\/index.php?rest_route=%2Fwp%2Fv2%2Fmedia&parent=6678"}],"wp:term":[{"taxonomy":"product_brand","embeddable":true,"href":"https:\/\/rebelrush.pl\/index.php?rest_route=%2Fwp%2Fv2%2Fproduct_brand&post=6678"},{"taxonomy":"product_cat","embeddable":true,"href":"https:\/\/rebelrush.pl\/index.php?rest_route=%2Fwp%2Fv2%2Fproduct_cat&post=6678"},{"taxonomy":"product_tag","embeddable":true,"href":"https:\/\/rebelrush.pl\/index.php?rest_route=%2Fwp%2Fv2%2Fproduct_tag&post=6678"}],"curies":[{"name":"wp","href":"https:\/\/api.w.org\/{rel}","templated":true}]}}