{"id":6660,"date":"2026-04-12T17:16:38","date_gmt":"2026-04-12T15:16:38","guid":{"rendered":"https:\/\/rebelrush.pl\/?post_type=product&#038;p=6660"},"modified":"2026-04-19T15:41:20","modified_gmt":"2026-04-19T13:41:20","slug":"rebelrush-nightglow-zip-hoodie-2-0-safepocket","status":"publish","type":"product","link":"https:\/\/rebelrush.pl\/?product=rebelrush-nightglow-zip-hoodie-2-0-safepocket","title":{"rendered":"RebelRush NightGlow\u2122 ZIP Hoodie 2.0  &#8211; SafePocket\u2122"},"content":{"rendered":"<p data-start=\"61\" data-end=\"350\"><strong data-start=\"61\" data-end=\"117\">Bluza premium dla motocyklist\u00f3w i fan\u00f3w motorsportu.<\/strong><br data-start=\"117\" data-end=\"120\" \/>Szyta w Polsce z grubej, komfortowej dzianiny 400 g.<br data-start=\"172\" data-end=\"175\" \/>Wyposa\u017cona w autorsk\u0105 technologi\u0119 <strong data-start=\"209\" data-end=\"224\">SafePocket\u2122<\/strong>, trwa\u0142e haftowane detale oraz unikalny haft na plecach wykonany <strong data-start=\"289\" data-end=\"349\">japo\u0144sk\u0105 nici\u0105 fluorescencyjn\u0105, kt\u00f3ra \u015bwieci w ciemno\u015bci<\/strong>.<\/p>\n<p data-start=\"352\" data-end=\"795\"><strong data-start=\"352\" data-end=\"369\">Key features:<\/strong><br data-start=\"369\" data-end=\"372\" \/>\u2022 <strong data-start=\"374\" data-end=\"404\">NightGlow\u2122 back embroidery<\/strong> \u2014 haft na plecach wykonany japo\u0144sk\u0105 nici\u0105 fluorescencyjn\u0105, \u015bwiec\u0105c\u0105 w ciemno\u015bci<br data-start=\"484\" data-end=\"487\" \/>\u2022 <strong data-start=\"489\" data-end=\"504\">SafePocket\u2122<\/strong> \u2014 ukryta kiesze\u0144 na telefon, klucze i dokumenty<br data-start=\"552\" data-end=\"555\" \/>\u2022 <strong data-start=\"557\" data-end=\"580\">400g premium cotton<\/strong> \u2014 gruba, trwa\u0142a i komfortowa dzianina<br data-start=\"618\" data-end=\"621\" \/>\u2022 <strong data-start=\"623\" data-end=\"641\">Made in Poland<\/strong> \u2014 lokalna produkcja<br data-start=\"661\" data-end=\"664\" \/>\u2022 <strong data-start=\"666\" data-end=\"686\">Haftowane detale<\/strong> \u2014 dopracowane wyko\u0144czenie<br \/>\n\u2022 <b>Metalowy zamek<\/b><br \/>\n\u2022 <strong data-start=\"717\" data-end=\"750\">Limitowana kolekcja RebelRush<\/strong> \u2014 edycja dla tych, kt\u00f3rzy chc\u0105 si\u0119 wyr\u00f3\u017cnia\u0107<\/p>\n<p data-start=\"797\" data-end=\"865\">Inspired by motorsport culture.<br data-start=\"832\" data-end=\"835\" \/>Built for everyday riding and wearing<\/p>\n","protected":false},"excerpt":{"rendered":"<p data-start=\"49\" data-end=\"93\"><strong data-start=\"49\" data-end=\"93\">Dlaczego to b\u0119dzie Twoja ulubiona bluza?<\/strong><\/p>\n<p data-start=\"95\" data-end=\"278\">Bo \u0142\u0105czy wygod\u0119, funkcjonalno\u015b\u0107 i dopracowane detale premium z unikalnym efektem <strong data-start=\"176\" data-end=\"190\">NightGlow\u2122<\/strong> \u2014 haftem na plecach wykonanym japo\u0144sk\u0105 nici\u0105 fluorescencyjn\u0105, kt\u00f3ra \u015bwieci w ciemno\u015bci.<\/p>\n<p data-start=\"280\" data-end=\"732\">\u2022 <strong data-start=\"282\" data-end=\"296\">NightGlow\u2122<\/strong> \u2013 haft na plecach wykonany japo\u0144sk\u0105 nici\u0105 fluorescencyjn\u0105, \u015bwiec\u0105c\u0105 w ciemno\u015bci<br data-start=\"376\" data-end=\"379\" \/>\u2022 <strong data-start=\"381\" data-end=\"396\">SafePocket\u2122<\/strong> \u2013 ukryta kiesze\u0144 na telefon, klucze i dokumenty<br data-start=\"444\" data-end=\"447\" \/>\u2022 <strong data-start=\"449\" data-end=\"472\">400g premium cotton<\/strong> \u2013 gruba, trwa\u0142a i komfortowa dzianina<br data-start=\"510\" data-end=\"513\" \/>\u2022 <strong data-start=\"515\" data-end=\"533\">Made in Poland<\/strong> \u2013 lokalna produkcja i staranne wykonanie<br data-start=\"574\" data-end=\"577\" \/>\u2022 <strong data-start=\"579\" data-end=\"599\">Haftowane detale<\/strong> \u2013 dopracowane wyko\u0144czenie w jako\u015bci premium<\/p>\n<p data-start=\"49\" data-end=\"93\"><strong data-start=\"49\" data-end=\"93\">Dlaczego to b\u0119dzie Twoja ulubiona bluza?<\/strong><\/p>\n<p data-start=\"95\" data-end=\"278\">Bo \u0142\u0105czy wygod\u0119, funkcjonalno\u015b\u0107 i dopracowane detale premium z unikalnym efektem <strong data-start=\"176\" data-end=\"190\">NightGlow\u2122<\/strong> \u2014 haftem na plecach wykonanym japo\u0144sk\u0105 nici\u0105 fluorescencyjn\u0105, kt\u00f3ra \u015bwieci w ciemno\u015bci.<\/p>\n<p data-start=\"280\" data-end=\"732\">\u2022 <strong data-start=\"282\" data-end=\"296\">NightGlow\u2122<\/strong> \u2013 haft na plecach wykonany japo\u0144sk\u0105 nici\u0105 fluorescencyjn\u0105, \u015bwiec\u0105c\u0105 w ciemno\u015bci<br data-start=\"376\" data-end=\"379\" \/>\u2022 <strong data-start=\"381\" data-end=\"396\">SafePocket\u2122<\/strong> \u2013 ukryta kiesze\u0144 na telefon, klucze i dokumenty<br data-start=\"444\" data-end=\"447\" \/>\u2022 <strong data-start=\"449\" data-end=\"472\">400g premium cotton<\/strong> \u2013 gruba, trwa\u0142a i komfortowa dzianina<br data-start=\"510\" data-end=\"513\" \/>\u2022 <strong data-start=\"515\" data-end=\"533\">Made in Poland<\/strong> \u2013 lokalna produkcja i staranne wykonanie<br \/>\n<strong>\u2022 Metalowy zamek\u00a0<\/strong><br data-start=\"574\" data-end=\"577\" \/>\u2022 <strong data-start=\"579\" data-end=\"599\">Haftowane detale<\/strong> \u2013 dopracowane wyko\u0144czenie w jako\u015bci premium<br data-start=\"643\" data-end=\"646\" \/>\u2022 <strong data-start=\"648\" data-end=\"681\">Limitowana kolekcja RebelRush<\/strong> \u2013 kr\u00f3tka seria dla tych, kt\u00f3rzy chc\u0105 si\u0119 wyr\u00f3\u017cnia\u0107<\/p>\n","protected":false},"featured_media":6657,"template":"","meta":[],"product_brand":[],"product_cat":[26],"product_tag":[],"class_list":{"0":"post-6660","1":"product","2":"type-product","3":"status-publish","4":"has-post-thumbnail","6":"product_cat-bluzy","7":"entry","8":"has-media","10":"first","11":"instock","12":"featured","13":"taxable","14":"shipping-taxable","15":"purchasable","16":"product-type-variable"},"jetpack_sharing_enabled":true,"_links":{"self":[{"href":"https:\/\/rebelrush.pl\/index.php?rest_route=\/wp\/v2\/product\/6660","targetHints":{"allow":["GET"]}}],"collection":[{"href":"https:\/\/rebelrush.pl\/index.php?rest_route=\/wp\/v2\/product"}],"about":[{"href":"https:\/\/rebelrush.pl\/index.php?rest_route=\/wp\/v2\/types\/product"}],"version-history":[{"count":2,"href":"https:\/\/rebelrush.pl\/index.php?rest_route=\/wp\/v2\/product\/6660\/revisions"}],"predecessor-version":[{"id":6818,"href":"https:\/\/rebelrush.pl\/index.php?rest_route=\/wp\/v2\/product\/6660\/revisions\/6818"}],"wp:featuredmedia":[{"embeddable":true,"href":"https:\/\/rebelrush.pl\/index.php?rest_route=\/wp\/v2\/media\/6657"}],"wp:attachment":[{"href":"https:\/\/rebelrush.pl\/index.php?rest_route=%2Fwp%2Fv2%2Fmedia&parent=6660"}],"wp:term":[{"taxonomy":"product_brand","embeddable":true,"href":"https:\/\/rebelrush.pl\/index.php?rest_route=%2Fwp%2Fv2%2Fproduct_brand&post=6660"},{"taxonomy":"product_cat","embeddable":true,"href":"https:\/\/rebelrush.pl\/index.php?rest_route=%2Fwp%2Fv2%2Fproduct_cat&post=6660"},{"taxonomy":"product_tag","embeddable":true,"href":"https:\/\/rebelrush.pl\/index.php?rest_route=%2Fwp%2Fv2%2Fproduct_tag&post=6660"}],"curies":[{"name":"wp","href":"https:\/\/api.w.org\/{rel}","templated":true}]}}