{"id":6249,"date":"2026-02-27T17:12:08","date_gmt":"2026-02-27T16:12:08","guid":{"rendered":"https:\/\/rebelrush.pl\/?post_type=product&#038;p=6249"},"modified":"2026-03-29T10:50:50","modified_gmt":"2026-03-29T08:50:50","slug":"spodnie-rebelrush-rooster-wp-spodnie-cross-wodoodporne-z-ochraniaczami-2026","status":"publish","type":"product","link":"https:\/\/rebelrush.pl\/?product=spodnie-rebelrush-rooster-wp-spodnie-cross-wodoodporne-z-ochraniaczami-2026","title":{"rendered":"Spodnie RebelRush ROOSTER WP &#8211; Spodnie Cross Wodoodporne z Ochraniaczami 2026"},"content":{"rendered":"<h1 data-start=\"189\" data-end=\"216\">Spodnie RebelRush ROOSTER WP<\/h1>\n<h3 data-start=\"217\" data-end=\"282\">Spodnie Cross \/ Enduro \u2013 Wodoodporne z Ochron\u0105 Kolan i Bioder<\/h3>\n<p data-start=\"284\" data-end=\"549\">RebelRush ROOSTER WP to lekkie, funkcjonalne spodnie cross\/enduro przeznaczone do jazdy w zmiennych warunkach terenowych.<br \/>\nWykonane z wodoodpornego, oddychaj\u0105cego poliestru, zapewniaj\u0105 komfort u\u017cytkowania zar\u00f3wno podczas jazdy w b\u0142ocie, jak i w wilgotnych warunkach.<\/p>\n<p data-start=\"551\" data-end=\"707\">Model wyposa\u017cony jest w wszyte elementy ochronne z g\u0105bki w strefie kolan oraz bioder, kt\u00f3re zwi\u0119kszaj\u0105 bezpiecze\u0144stwo i amortyzacj\u0119 podczas jazdy w terenie.<\/p>\n<p><strong>ROOSTER WP<\/strong> to model dla os\u00f3b szukaj\u0105cych wygodnych, wodoodpornych spodni terenowych z podstawow\u0105 ochron\u0105 amortyzuj\u0105c\u0105.<br \/>\nLekka konstrukcja sprawdzi si\u0119 podczas trening\u00f3w oraz rekreacyjnej jazdy w terenie.<\/p>\n<h2 data-start=\"714\" data-end=\"739\">Najwa\u017cniejsze cechy<\/h2>\n<p data-start=\"741\" data-end=\"1051\">\u2714 Wodoodporny materia\u0142 zewn\u0119trzny<br data-start=\"774\" data-end=\"777\" \/>\u2714 Oddychaj\u0105ca konstrukcja z poliestru<br data-start=\"814\" data-end=\"817\" \/>\u2714 Wszyte wk\u0142ady ochronne (g\u0105bka) w strefie kolan<br data-start=\"865\" data-end=\"868\" \/>\u2714 Wszyte wk\u0142ady ochronne (g\u0105bka) w strefie bioder<br data-start=\"917\" data-end=\"920\" \/>\u2714 Elastyczny pas zapewniaj\u0105cy stabilne dopasowanie<br data-start=\"970\" data-end=\"973\" \/>\u2714 Konstrukcja szyta \u2013 bez zamk\u00f3w<br data-start=\"1005\" data-end=\"1008\" \/>\u2714 Lekka i wygodna forma do jazdy off-road<\/p>\n<hr data-start=\"1053\" data-end=\"1056\" \/>\n<h2 data-start=\"1058\" data-end=\"1077\">Przeznaczenie<\/h2>\n<p data-start=\"1080\" data-end=\"1096\">Motocross (MX)<br \/>\nEnduro<br \/>\nJazda terenowa \/ off-roa<br \/>\nTreningi torowe<\/p>\n<hr data-start=\"1159\" data-end=\"1162\" \/>\n<h2 data-start=\"1164\" data-end=\"1193\">Specyfikacja techniczna<\/h2>\n<p data-start=\"1195\" data-end=\"1377\">Materia\u0142: poliester techniczny, wodoodporny<br data-start=\"1225\" data-end=\"1228\" \/>Wodoodporno\u015b\u0107: tak<br data-start=\"1246\" data-end=\"1249\" \/>Wentylacja: materia\u0142 oddychaj\u0105cy<br data-start=\"1281\" data-end=\"1284\" \/>Ochrona: wszyte wk\u0142ady z g\u0105bki (kolana + biodra)<br data-start=\"1332\" data-end=\"1335\" \/>Konstrukcja: bez zamk\u00f3w<br data-start=\"1358\" data-end=\"1361\" \/>Kr\u00f3j: sportowy<\/p>\n","protected":false},"excerpt":{"rendered":"<p><strong>ROOSTER WP<\/strong> to model dla os\u00f3b szukaj\u0105cych wygodnych, wodoodpornych spodni terenowych z podstawow\u0105 ochron\u0105 amortyzuj\u0105c\u0105.<br \/>\nLekka konstrukcja sprawdzi si\u0119 podczas trening\u00f3w oraz rekreacyjnej jazdy w terenie.<\/p>\n<h2 data-start=\"714\" data-end=\"739\">Najwa\u017cniejsze cechy<\/h2>\n<p data-start=\"741\" data-end=\"1051\">\u2714 Wodoodporny materia\u0142 zewn\u0119trzny<br data-start=\"774\" data-end=\"777\" \/>\u2714 Oddychaj\u0105ca konstrukcja z poliestru<br data-start=\"814\" data-end=\"817\" \/>\u2714 Wszyte wk\u0142ady ochronne (g\u0105bka) w strefie kolan<br data-start=\"865\" data-end=\"868\" \/>\u2714 Wszyte wk\u0142ady ochronne (g\u0105bka) w strefie bioder<br data-start=\"917\" data-end=\"920\" \/>\u2714 Elastyczny pas zapewniaj\u0105cy stabilne dopasowanie<br data-start=\"970\" data-end=\"973\" \/>\u2714 Konstrukcja szyta \u2013 bez zamk\u00f3w<br data-start=\"1005\" data-end=\"1008\" \/>\u2714 Lekka i wygodna forma do jazdy off-road<\/p>\n<hr data-start=\"1053\" data-end=\"1056\" \/>\n<h2 data-start=\"1058\" data-end=\"1077\">Przeznaczenie<\/h2>\n<p data-start=\"1080\" data-end=\"1096\">Motocross (MX)<br \/>\nEnduro<br \/>\nJazda terenowa \/ off-roa<br \/>\nTreningi torowe<\/p>\n<hr data-start=\"1159\" data-end=\"1162\" \/>\n<h2 data-start=\"1164\" data-end=\"1193\">Specyfikacja techniczna<\/h2>\n<p data-start=\"1195\" data-end=\"1377\">Materia\u0142: poliester techniczny, wodoodporny<br data-start=\"1225\" data-end=\"1228\" \/>Wodoodporno\u015b\u0107: tak<br data-start=\"1246\" data-end=\"1249\" \/>Wentylacja: materia\u0142 oddychaj\u0105cy<br data-start=\"1281\" data-end=\"1284\" \/>Ochrona: wszyte wk\u0142ady z g\u0105bki (kolana + biodra)<br data-start=\"1332\" data-end=\"1335\" \/>Konstrukcja: bez zamk\u00f3w<br data-start=\"1358\" data-end=\"1361\" \/>Kr\u00f3j: sportowy<\/p>\n","protected":false},"featured_media":6256,"template":"","meta":[],"product_brand":[],"product_cat":[59],"product_tag":[],"class_list":{"0":"post-6249","1":"product","2":"type-product","3":"status-publish","4":"has-post-thumbnail","6":"product_cat-cross","7":"entry","8":"has-media","10":"first","11":"instock","12":"featured","13":"taxable","14":"shipping-taxable","15":"purchasable","16":"product-type-variable"},"jetpack_sharing_enabled":true,"_links":{"self":[{"href":"https:\/\/rebelrush.pl\/index.php?rest_route=\/wp\/v2\/product\/6249","targetHints":{"allow":["GET"]}}],"collection":[{"href":"https:\/\/rebelrush.pl\/index.php?rest_route=\/wp\/v2\/product"}],"about":[{"href":"https:\/\/rebelrush.pl\/index.php?rest_route=\/wp\/v2\/types\/product"}],"version-history":[{"count":5,"href":"https:\/\/rebelrush.pl\/index.php?rest_route=\/wp\/v2\/product\/6249\/revisions"}],"predecessor-version":[{"id":6291,"href":"https:\/\/rebelrush.pl\/index.php?rest_route=\/wp\/v2\/product\/6249\/revisions\/6291"}],"wp:featuredmedia":[{"embeddable":true,"href":"https:\/\/rebelrush.pl\/index.php?rest_route=\/wp\/v2\/media\/6256"}],"wp:attachment":[{"href":"https:\/\/rebelrush.pl\/index.php?rest_route=%2Fwp%2Fv2%2Fmedia&parent=6249"}],"wp:term":[{"taxonomy":"product_brand","embeddable":true,"href":"https:\/\/rebelrush.pl\/index.php?rest_route=%2Fwp%2Fv2%2Fproduct_brand&post=6249"},{"taxonomy":"product_cat","embeddable":true,"href":"https:\/\/rebelrush.pl\/index.php?rest_route=%2Fwp%2Fv2%2Fproduct_cat&post=6249"},{"taxonomy":"product_tag","embeddable":true,"href":"https:\/\/rebelrush.pl\/index.php?rest_route=%2Fwp%2Fv2%2Fproduct_tag&post=6249"}],"curies":[{"name":"wp","href":"https:\/\/api.w.org\/{rel}","templated":true}]}}